{"id":47,"date":"2011-03-06T13:18:32","date_gmt":"2011-03-06T13:18:32","guid":{"rendered":"http:\/\/www.evgibievyemekleri.com\/?page_id=47"},"modified":"2015-11-21T22:54:12","modified_gmt":"2015-11-21T22:54:12","slug":"iletisim","status":"publish","type":"page","link":"https:\/\/www.evgibievyemekleri.com\/?page_id=47","title":{"rendered":"\u0130leti\u015fim"},"content":{"rendered":"<p>Adres:ba\u011fdat caddesi no 2111\/D \u00f6m\u00fcr apt<\/p>\n<p>\u00c7iftehavuzlar g\u00f6ztepe\/\u0130ST<\/p>\n<p>Tel:0216 3681838\/4111838<\/p>\n","protected":false},"excerpt":{"rendered":"<p>Adres:ba\u011fdat caddesi no 2111\/D \u00f6m\u00fcr apt \u00c7iftehavuzlar g\u00f6ztepe\/\u0130ST Tel:0216 3681838\/4111838<\/p>\n","protected":false},"author":1,"featured_media":0,"parent":0,"menu_order":0,"comment_status":"open","ping_status":"open","template":"","meta":{"footnotes":""},"class_list":["post-47","page","type-page","status-publish","hentry"],"_links":{"self":[{"href":"https:\/\/www.evgibievyemekleri.com\/index.php?rest_route=\/wp\/v2\/pages\/47"}],"collection":[{"href":"https:\/\/www.evgibievyemekleri.com\/index.php?rest_route=\/wp\/v2\/pages"}],"about":[{"href":"https:\/\/www.evgibievyemekleri.com\/index.php?rest_route=\/wp\/v2\/types\/page"}],"author":[{"embeddable":true,"href":"https:\/\/www.evgibievyemekleri.com\/index.php?rest_route=\/wp\/v2\/users\/1"}],"replies":[{"embeddable":true,"href":"https:\/\/www.evgibievyemekleri.com\/index.php?rest_route=%2Fwp%2Fv2%2Fcomments&post=47"}],"version-history":[{"count":4,"href":"https:\/\/www.evgibievyemekleri.com\/index.php?rest_route=\/wp\/v2\/pages\/47\/revisions"}],"predecessor-version":[{"id":895,"href":"https:\/\/www.evgibievyemekleri.com\/index.php?rest_route=\/wp\/v2\/pages\/47\/revisions\/895"}],"wp:attachment":[{"href":"https:\/\/www.evgibievyemekleri.com\/index.php?rest_route=%2Fwp%2Fv2%2Fmedia&parent=47"}],"curies":[{"name":"wp","href":"https:\/\/api.w.org\/{rel}","templated":true}]}}