{"id":2,"date":"2011-03-05T14:53:46","date_gmt":"2011-03-05T14:53:46","guid":{"rendered":"http:\/\/www.evgibievyemekleri.com\/?page_id=2"},"modified":"2011-03-19T23:19:27","modified_gmt":"2011-03-19T23:19:27","slug":"ornek-sayfa","status":"publish","type":"page","link":"https:\/\/www.evgibievyemekleri.com\/?page_id=2","title":{"rendered":"Hak\u0131m\u0131zda"},"content":{"rendered":"<p>Firmam\u0131z: Ev Gibi Ev Yemekleri<\/p>\n<p>1998;den beri .ba\u011fdat caddesi \u00e7iftehavuzlar g\u00f6ztepede .<\/p>\n<p>Siz de\u011ferli m\u00fc\u015fterilerimize hizmet vermektedir.<\/p>\n","protected":false},"excerpt":{"rendered":"<p>Firmam\u0131z: Ev Gibi Ev Yemekleri 1998;den beri .ba\u011fdat caddesi \u00e7iftehavuzlar g\u00f6ztepede . Siz de\u011ferli m\u00fc\u015fterilerimize hizmet vermektedir.<\/p>\n","protected":false},"author":1,"featured_media":0,"parent":0,"menu_order":0,"comment_status":"open","ping_status":"open","template":"","meta":{"footnotes":""},"class_list":["post-2","page","type-page","status-publish","hentry"],"_links":{"self":[{"href":"https:\/\/www.evgibievyemekleri.com\/index.php?rest_route=\/wp\/v2\/pages\/2"}],"collection":[{"href":"https:\/\/www.evgibievyemekleri.com\/index.php?rest_route=\/wp\/v2\/pages"}],"about":[{"href":"https:\/\/www.evgibievyemekleri.com\/index.php?rest_route=\/wp\/v2\/types\/page"}],"author":[{"embeddable":true,"href":"https:\/\/www.evgibievyemekleri.com\/index.php?rest_route=\/wp\/v2\/users\/1"}],"replies":[{"embeddable":true,"href":"https:\/\/www.evgibievyemekleri.com\/index.php?rest_route=%2Fwp%2Fv2%2Fcomments&post=2"}],"version-history":[{"count":7,"href":"https:\/\/www.evgibievyemekleri.com\/index.php?rest_route=\/wp\/v2\/pages\/2\/revisions"}],"predecessor-version":[{"id":463,"href":"https:\/\/www.evgibievyemekleri.com\/index.php?rest_route=\/wp\/v2\/pages\/2\/revisions\/463"}],"wp:attachment":[{"href":"https:\/\/www.evgibievyemekleri.com\/index.php?rest_route=%2Fwp%2Fv2%2Fmedia&parent=2"}],"curies":[{"name":"wp","href":"https:\/\/api.w.org\/{rel}","templated":true}]}}